{"id":2424,"date":"2023-07-26T14:35:06","date_gmt":"2023-07-26T14:35:06","guid":{"rendered":"https:\/\/hotelpremieresnations.ca\/activites-sur-place\/"},"modified":"2026-01-29T14:31:18","modified_gmt":"2026-01-29T14:31:19","slug":"on-site-activities","status":"publish","type":"page","link":"https:\/\/hotelpremieresnations.ca\/en\/on-site-activities\/","title":{"rendered":"On-site activities"},"content":{"rendered":"<div class=\"fsn-row full-width-row fsn-69ee17267d779 light\" style=\"background-repeat:repeat;background-position:left top;background-attachment:scroll;background-size:auto;\"><div class=\"container-fluid\"><div class=\"row\"><div class=\"col-sm-6\"><div class=\"fsn-column-inner fsn-69ee17267d818 light\"><div class=\"fsn-text fsn-69ee17267d87b\">\n<p>As a national institution, the Huron-Wendat Museum is dedicated to preserving and promoting the heritage of the Wendat Nation.<\/p>\n<p>Come and discover the history, culture and arts of the Wendat, as well as their relations with other First Nations. The H\u00f4tel-Mus\u00e9e Premi\u00e8res Nations and the <u><strong><a href=\"https:\/\/museehuronwendat.ca\/en\/\">Mus\u00e9e Huron-Wendat<\/a><\/strong><\/u> offer a wide range of activities to discover the culture and history of the First Nations:<\/p>\n<p><strong>Necklace workshop*<\/strong>: Accompanied by an indigenous craftswoman, make a traditional necklace from wood beads and leather laces. <a href=\"https:\/\/secure.reservit.com\/rsl\/booking\/indexmodal.php?customerid=1399&amp;priceid=16534&amp;categoryid=2968&amp;pricetype=slot\"><strong><span style=\"text-decoration: underline;\">Book this activity &gt;<\/span><\/strong><\/a><\/p>\n<p>Schedule: Friday, Saturday, Sunday, 9:00 am &#8211; 9:30 am &#8211; 10:00 am<\/p>\n<p><strong>Myths and legends*<\/strong>: Sit around a fire in the Ekionkiestha National Longhouse and listen to an indigenous storyteller recount the myths of his childhood. <span style=\"text-decoration: underline;\"><a href=\"https:\/\/secure.reservit.com\/rsl\/booking\/indexmodal.php?customerid=1399&amp;priceid=15449&amp;categoryid=2972&amp;pricetype=slot\"><strong>Book this activity &gt;<\/strong><\/a><\/span><\/p>\n<p>Schedule: Tuesday to Sunday, 7:00 pm &#8211; 8:10 pm &#8211; 21:15 pm (English)<\/p>\n<p><strong><a href=\"https:\/\/museehuronwendat.ca\/en\/more-info\/contact-us\/\" target=\"_blank\" rel=\"noopener\">CONTACT THE MUSEUM FOR BOOKING THE FOLLOWING ACTIVITIES:<\/a><\/strong><\/p>\n<p><strong>Audioguide or guided tour*<\/strong>: Explore the history and culture of the Wendat Nation at your own pace, in your own language, or with an experienced guide.<\/p>\n<p><strong>Talking stick workshop*<\/strong>: Make your own talking stick, a tool that was and still is used in tribal councils to regulate speech.<\/p>\n<p><em>*Schedule subject to change depending on availability.<\/em><\/p>\n<\/div><\/div><\/div><div class=\"col-sm-6\"><div class=\"fsn-column-inner fsn-69ee17267d89f light\"><div class=\"fsn-image fsn-69ee17267db83 align-none\"><img decoding=\"async\" data-src=\"https:\/\/hotelpremieresnations.ca\/gestion\/wp-content\/uploads\/2024\/03\/activites-sur-place-2.jpg\" width=\"1200\" height=\"800\" alt=\"Activit\u00e9s sur place 1\" class=\"img-responsive img-default lazyload\" src=\"data:image\/svg+xml;base64,PHN2ZyB3aWR0aD0iMSIgaGVpZ2h0PSIxIiB4bWxucz0iaHR0cDovL3d3dy53My5vcmcvMjAwMC9zdmciPjwvc3ZnPg==\" style=\"--smush-placeholder-width: 1200px; --smush-placeholder-aspect-ratio: 1200\/800;\"><\/div><\/div><\/div><\/div><\/div><\/div>\n","protected":false},"excerpt":{"rendered":"","protected":false},"author":186,"featured_media":3929,"parent":0,"menu_order":0,"comment_status":"closed","ping_status":"closed","template":"template-100.php","meta":{"inline_featured_image":false,"footnotes":""},"class_list":["post-2424","page","type-page","status-publish","has-post-thumbnail","hentry"],"acf":[],"aioseo_notices":[],"_links":{"self":[{"href":"https:\/\/hotelpremieresnations.ca\/en\/wp-json\/wp\/v2\/pages\/2424","targetHints":{"allow":["GET"]}}],"collection":[{"href":"https:\/\/hotelpremieresnations.ca\/en\/wp-json\/wp\/v2\/pages"}],"about":[{"href":"https:\/\/hotelpremieresnations.ca\/en\/wp-json\/wp\/v2\/types\/page"}],"author":[{"embeddable":true,"href":"https:\/\/hotelpremieresnations.ca\/en\/wp-json\/wp\/v2\/users\/186"}],"replies":[{"embeddable":true,"href":"https:\/\/hotelpremieresnations.ca\/en\/wp-json\/wp\/v2\/comments?post=2424"}],"version-history":[{"count":18,"href":"https:\/\/hotelpremieresnations.ca\/en\/wp-json\/wp\/v2\/pages\/2424\/revisions"}],"predecessor-version":[{"id":3805,"href":"https:\/\/hotelpremieresnations.ca\/en\/wp-json\/wp\/v2\/pages\/2424\/revisions\/3805"}],"wp:featuredmedia":[{"embeddable":true,"href":"https:\/\/hotelpremieresnations.ca\/en\/wp-json\/wp\/v2\/media\/3929"}],"wp:attachment":[{"href":"https:\/\/hotelpremieresnations.ca\/en\/wp-json\/wp\/v2\/media?parent=2424"}],"curies":[{"name":"wp","href":"https:\/\/api.w.org\/{rel}","templated":true}]}}