{"id":2670,"date":"2023-09-20T20:19:06","date_gmt":"2023-09-20T20:19:06","guid":{"rendered":"https:\/\/hotelpremieresnations.ca\/?page_id=2670"},"modified":"2023-09-20T20:21:25","modified_gmt":"2023-09-20T20:21:25","slug":"privacy-policy","status":"publish","type":"page","link":"https:\/\/hotelpremieresnations.ca\/en\/privacy-policy\/","title":{"rendered":"Privacy Policy"},"content":{"rendered":"<div  class=\"fsn-row full-width-container fsn-69f30755c636a light\" style=\"background-repeat:repeat;background-position:left top;background-attachment:scroll;background-size:auto;\"><div class=\"row\"><div class=\"col-sm-12\"><div class=\"fsn-column-inner fsn-69f30755c6402 light\"><div class=\"fsn-text fsn-69f30755c645a\">\n<h4>Learn more about the Privacy Policy of H\u00f4tel-Mus\u00e9e Premi\u00e8res Nations<\/h4>\n<p><span data-ccp-props=\"{}\">\u00a0<\/span><span data-contrast=\"auto\">The H\u00f4tel-Mus\u00e9e Premi\u00e8res Nations is committed to the well-being of its customers. In accordance with Bill 25, we undertake not to divulge, at any time, our customers&#8217; personal information (name, address, e-mail address, telephone number) to any outside company. This data is used solely for customer relations purposes.<\/span><span data-ccp-props=\"{}\">\u00a0<\/span><\/p>\n<p><span data-contrast=\"auto\">\u00a0<\/span><span data-ccp-props=\"{}\">\u00a0<\/span><\/p>\n<p><span data-contrast=\"auto\">All information is confidential and our customers can make transactions on the H\u00f4tel-Mus\u00e9e Premi\u00e8res Nations website in complete security.<\/span><span data-ccp-props=\"{}\">\u00a0<\/span><\/p>\n<\/div><\/div><\/div><\/div><\/div>\n","protected":false},"excerpt":{"rendered":"","protected":false},"author":186,"featured_media":2947,"parent":0,"menu_order":0,"comment_status":"closed","ping_status":"closed","template":"template-tabs.php","meta":{"inline_featured_image":false,"footnotes":""},"class_list":["post-2670","page","type-page","status-publish","has-post-thumbnail","hentry"],"acf":[],"aioseo_notices":[],"_links":{"self":[{"href":"https:\/\/hotelpremieresnations.ca\/en\/wp-json\/wp\/v2\/pages\/2670","targetHints":{"allow":["GET"]}}],"collection":[{"href":"https:\/\/hotelpremieresnations.ca\/en\/wp-json\/wp\/v2\/pages"}],"about":[{"href":"https:\/\/hotelpremieresnations.ca\/en\/wp-json\/wp\/v2\/types\/page"}],"author":[{"embeddable":true,"href":"https:\/\/hotelpremieresnations.ca\/en\/wp-json\/wp\/v2\/users\/186"}],"replies":[{"embeddable":true,"href":"https:\/\/hotelpremieresnations.ca\/en\/wp-json\/wp\/v2\/comments?post=2670"}],"version-history":[{"count":2,"href":"https:\/\/hotelpremieresnations.ca\/en\/wp-json\/wp\/v2\/pages\/2670\/revisions"}],"predecessor-version":[{"id":2673,"href":"https:\/\/hotelpremieresnations.ca\/en\/wp-json\/wp\/v2\/pages\/2670\/revisions\/2673"}],"wp:featuredmedia":[{"embeddable":true,"href":"https:\/\/hotelpremieresnations.ca\/en\/wp-json\/wp\/v2\/media\/2947"}],"wp:attachment":[{"href":"https:\/\/hotelpremieresnations.ca\/en\/wp-json\/wp\/v2\/media?parent=2670"}],"curies":[{"name":"wp","href":"https:\/\/api.w.org\/{rel}","templated":true}]}}