{"id":3943,"date":"2026-04-13T19:12:57","date_gmt":"2026-04-13T19:12:57","guid":{"rendered":"https:\/\/hotelpremieresnations.ca\/?page_id=3943"},"modified":"2026-04-14T16:10:43","modified_gmt":"2026-04-14T16:10:43","slug":"pet-friendly","status":"publish","type":"page","link":"https:\/\/hotelpremieresnations.ca\/en\/pet-friendly\/","title":{"rendered":"Pet friendly"},"content":{"rendered":"<div class=\"fsn-row full-width-row fsn-69f985a1090bd light\" style=\"background-repeat:repeat;background-position:left top;background-attachment:scroll;background-size:auto;\"><div class=\"container-fluid\"><div class=\"row\"><div class=\"col-sm-12\"><div class=\"fsn-column-inner fsn-69f985a109136 light\"><div class=\"fsn-text fsn-69f985a10916e\">\n<p><strong>A pet-friendly hotel in the Quebec City area, H\u00f4tel-Mus\u00e9e Premi\u00e8res Nations is a pets allowed establishment. Enjoy an unforgettable stay with your faithful companion, in the heart of Wendake.<\/strong><\/p>\n<hr \/>\n<p>We are pleased to welcome your pet at H\u00f4tel-Mus\u00e9e Premi\u00e8res Nations. The following policies apply when staying with your animal. We invite you to review them before making your reservation:<\/p>\n<ul>\n<li>Please note that there is a cleaning fee of $70 per stay, per room (+ applicable taxes).<\/li>\n<li>A maximum of two animals per room is accepted.<\/li>\n<li>In public areas, your animal must always be kept on a leash or in its carrier.<\/li>\n<li>Animals are not permitted in the following areas: La Traite restaurant, lobby bar, banquet rooms, pool, gym, Mus\u00e9e Huron-Wendat and Longhouse.<\/li>\n<li>Animals are not allowed on the beds or armchairs.<\/li>\n<li>Your presence is required in the room during any intervention by hotel staff. If your animal is not in a cage and no one is present, housekeeping will not be performed.<\/li>\n<li>You must immediately notify the front desk if your animal damages any hotel property and\/or has soiled the furniture or carpet in the room.<\/li>\n<li>Your animal must not disturb the stay of other hotel guests. If this occurs, you will be asked to return to your room without delay.<\/li>\n<li>You must pick up after your animal at all times.<\/li>\n<li>Please notify the front desk of your departure time so that housekeeping can perform an inspection of the room before returning your security deposit.<\/li>\n<li>Any damage caused by your animal will result in additional cleaning and repair fees. Fees related to complaints about barking may also apply.<\/li>\n<\/ul>\n<p>&nbsp;<\/p>\n<h3 style=\"text-align: center;\"><em>Your cooperation is greatly appreciated. Enjoy your stay with us!<\/em><\/h3>\n<p><img decoding=\"async\" class=\"size-full wp-image-3952 aligncenter lazyload\" data-src=\"https:\/\/hotelpremieresnations.ca\/gestion\/wp-content\/uploads\/2026\/04\/animaux-de-compagnie-2.png\" alt=\"Animaux de compagnie 2\" width=\"100\" height=\"100\" data-srcset=\"https:\/\/hotelpremieresnations.ca\/gestion\/wp-content\/uploads\/2026\/04\/animaux-de-compagnie-2.png 150w, https:\/\/hotelpremieresnations.ca\/gestion\/wp-content\/uploads\/2026\/04\/animaux-de-compagnie-2-50x50.png 50w\" data-sizes=\"(max-width: 100px) 100vw, 100px\" src=\"data:image\/svg+xml;base64,PHN2ZyB3aWR0aD0iMSIgaGVpZ2h0PSIxIiB4bWxucz0iaHR0cDovL3d3dy53My5vcmcvMjAwMC9zdmciPjwvc3ZnPg==\" style=\"--smush-placeholder-width: 100px; --smush-placeholder-aspect-ratio: 100\/100;\" \/><\/p>\n<\/div><\/div><\/div><\/div><\/div><\/div>\n","protected":false},"excerpt":{"rendered":"","protected":false},"author":186,"featured_media":3944,"parent":0,"menu_order":0,"comment_status":"closed","ping_status":"closed","template":"","meta":{"inline_featured_image":false,"footnotes":""},"class_list":["post-3943","page","type-page","status-publish","has-post-thumbnail","hentry"],"acf":[],"aioseo_notices":[],"_links":{"self":[{"href":"https:\/\/hotelpremieresnations.ca\/en\/wp-json\/wp\/v2\/pages\/3943","targetHints":{"allow":["GET"]}}],"collection":[{"href":"https:\/\/hotelpremieresnations.ca\/en\/wp-json\/wp\/v2\/pages"}],"about":[{"href":"https:\/\/hotelpremieresnations.ca\/en\/wp-json\/wp\/v2\/types\/page"}],"author":[{"embeddable":true,"href":"https:\/\/hotelpremieresnations.ca\/en\/wp-json\/wp\/v2\/users\/186"}],"replies":[{"embeddable":true,"href":"https:\/\/hotelpremieresnations.ca\/en\/wp-json\/wp\/v2\/comments?post=3943"}],"version-history":[{"count":3,"href":"https:\/\/hotelpremieresnations.ca\/en\/wp-json\/wp\/v2\/pages\/3943\/revisions"}],"predecessor-version":[{"id":3961,"href":"https:\/\/hotelpremieresnations.ca\/en\/wp-json\/wp\/v2\/pages\/3943\/revisions\/3961"}],"wp:featuredmedia":[{"embeddable":true,"href":"https:\/\/hotelpremieresnations.ca\/en\/wp-json\/wp\/v2\/media\/3944"}],"wp:attachment":[{"href":"https:\/\/hotelpremieresnations.ca\/en\/wp-json\/wp\/v2\/media?parent=3943"}],"curies":[{"name":"wp","href":"https:\/\/api.w.org\/{rel}","templated":true}]}}