{"id":503,"date":"2018-07-27T15:03:57","date_gmt":"2018-07-27T15:03:57","guid":{"rendered":"https:\/\/www.hotelpremieresnations.ca\/emplois\/"},"modified":"2025-05-05T20:20:56","modified_gmt":"2025-05-05T20:20:56","slug":"jobs","status":"publish","type":"page","link":"https:\/\/hotelpremieresnations.ca\/en\/jobs\/","title":{"rendered":"Jobs"},"content":{"rendered":"<div  class=\"fsn-row full-width-container fsn-69e54d0db82d0 light\" style=\"background-repeat:repeat;background-position:left top;background-attachment:scroll;background-size:auto;\"><div class=\"row\"><div class=\"col-sm-12\"><div class=\"fsn-column-inner fsn-69e54d0db8356 light\"><div class=\"fsn-text fsn-69e54d0db83b7\">\n<p><iframe title=\"De chef \u00e9toil\u00e9 \u00e0 mentor au Restaurant La Traite\" width=\"640\" height=\"360\" data-src=\"https:\/\/www.youtube.com\/embed\/F8dckK_Hrgg?feature=oembed\" frameborder=\"0\" allow=\"accelerometer; autoplay; clipboard-write; encrypted-media; gyroscope; picture-in-picture; web-share\" referrerpolicy=\"strict-origin-when-cross-origin\" allowfullscreen src=\"data:image\/svg+xml;base64,PHN2ZyB3aWR0aD0iMSIgaGVpZ2h0PSIxIiB4bWxucz0iaHR0cDovL3d3dy53My5vcmcvMjAwMC9zdmciPjwvc3ZnPg==\" class=\"lazyload\" data-load-mode=\"1\"><\/iframe><\/p>\n<\/div><div class=\"fsn-text fsn-69e54d0db83d0\">\n<h4>Are you looking for professional opportunities? We&#8217;re always on the lookout for new talent.<\/h4>\n<p>If none of the positions currently posted in our &#8220;Jobs&#8221; section match your profile, please feel free to send us your curriculum vitae to <a href=\"mailto:rh@hmpn.ca\">rh@hmpn.ca<\/a>, specifying the position or department you are interested in in the subject line of your e-mail or in the comment section of your e-mail. There is no deadline for submitting your application; we build up a bank of candidates for periodic hiring processes.<\/p>\n<p>Our human resources team looks forward to receiving your application and reviewing your profile. We are always on the lookout for new talent to enrich our team.<\/p>\n<p>&nbsp;<\/p>\n<p>Consult currently available job offers | <a href=\"https:\/\/hotelpremieresnations.ca\/emplois\/\" target=\"_blank\" rel=\"noopener\">french only<\/a><\/p>\n<\/div><\/div><\/div><\/div><\/div><div  class=\"fsn-row full-width-container fsn-69e54d0db83fb light\" style=\"background-repeat:repeat;background-position:left top;background-attachment:scroll;background-size:auto;\"><div class=\"row\"><div class=\"col-sm-6\"><div class=\"fsn-column-inner fsn-69e54d0db845c light\"><div class=\"fsn-text fsn-69e54d0db8484\">\n<h3>OUR MISSION<\/h3>\n<p><span dir=\"ltr\">To provide customers with a distinctive experience in the tradition of the habits and customs of the Wendat nation, inspired by both the history and modernity of the First Nations, always mindful of respect for a sustainable environment.<\/span><\/p>\n<h3>OUR VISION<\/h3>\n<p><span dir=\"ltr\">To standout as a Wendat destination hotel with a stay at the heart of First Nations values and the Akiawenrahk River.<\/span><\/p>\n<h3>OUR VALUES<\/h3>\n<ul>\n<li>Commitment: By getting involved, everyone has the privilege of making a difference and contributing to a first-nation experience and sustainable tourism.<\/li>\n<li>Respect: Through respect, we place people, traditions and values at the heart of our considerations and exchanges.<\/li>\n<li>Communication: By communicating, everyone has the privilege of contributing to the evolution of the destination experience.<\/li>\n<li>Teamwork: it is through teamwork that creation and success are achieved.<\/li>\n<li>Pleasure &amp; well-being at work: a basic condition for satisfying and boosting personal fulfillment<\/li>\n<\/ul>\n<\/div><\/div><\/div><div class=\"col-sm-6\"><div class=\"fsn-column-inner fsn-69e54d0db849d light\"><div class=\"fsn-image fsn-69e54d0db8782 align-none\"><img decoding=\"async\" data-src=\"https:\/\/hotelpremieresnations.ca\/gestion\/wp-content\/uploads\/2023\/07\/emplois-1024x683.jpeg\" width=\"640\" height=\"427\" alt=\"Emplois\" class=\"img-responsive img-default lazyload\" src=\"data:image\/svg+xml;base64,PHN2ZyB3aWR0aD0iMSIgaGVpZ2h0PSIxIiB4bWxucz0iaHR0cDovL3d3dy53My5vcmcvMjAwMC9zdmciPjwvc3ZnPg==\" style=\"--smush-placeholder-width: 640px; --smush-placeholder-aspect-ratio: 640\/427;\"><\/div><\/div><\/div><\/div><\/div>\n","protected":false},"excerpt":{"rendered":"","protected":false},"author":181,"featured_media":2945,"parent":0,"menu_order":0,"comment_status":"closed","ping_status":"closed","template":"template-tabs.php","meta":{"inline_featured_image":false,"footnotes":""},"class_list":["post-503","page","type-page","status-publish","has-post-thumbnail","hentry"],"acf":[],"aioseo_notices":[],"_links":{"self":[{"href":"https:\/\/hotelpremieresnations.ca\/en\/wp-json\/wp\/v2\/pages\/503","targetHints":{"allow":["GET"]}}],"collection":[{"href":"https:\/\/hotelpremieresnations.ca\/en\/wp-json\/wp\/v2\/pages"}],"about":[{"href":"https:\/\/hotelpremieresnations.ca\/en\/wp-json\/wp\/v2\/types\/page"}],"author":[{"embeddable":true,"href":"https:\/\/hotelpremieresnations.ca\/en\/wp-json\/wp\/v2\/users\/181"}],"replies":[{"embeddable":true,"href":"https:\/\/hotelpremieresnations.ca\/en\/wp-json\/wp\/v2\/comments?post=503"}],"version-history":[{"count":24,"href":"https:\/\/hotelpremieresnations.ca\/en\/wp-json\/wp\/v2\/pages\/503\/revisions"}],"predecessor-version":[{"id":2406,"href":"https:\/\/hotelpremieresnations.ca\/en\/wp-json\/wp\/v2\/pages\/503\/revisions\/2406"}],"wp:featuredmedia":[{"embeddable":true,"href":"https:\/\/hotelpremieresnations.ca\/en\/wp-json\/wp\/v2\/media\/2945"}],"wp:attachment":[{"href":"https:\/\/hotelpremieresnations.ca\/en\/wp-json\/wp\/v2\/media?parent=503"}],"curies":[{"name":"wp","href":"https:\/\/api.w.org\/{rel}","templated":true}]}}