{"id":537,"date":"2018-10-08T15:21:47","date_gmt":"2018-10-08T15:21:47","guid":{"rendered":"https:\/\/www.hotelpremieresnations.ca\/forfaits\/reunions-et-congres\/"},"modified":"2025-12-01T16:29:12","modified_gmt":"2025-12-01T16:29:12","slug":"meetings-and-conferences","status":"publish","type":"page","link":"https:\/\/hotelpremieresnations.ca\/en\/meetings-and-conferences\/","title":{"rendered":"Meetings &#038; conferences"},"content":{"rendered":"<div class=\"fsn-row full-width-row fsn-69e23cab9b64f light\" style=\"background-repeat:repeat;background-position:left top;background-attachment:scroll;background-size:auto;\"><div class=\"container-fluid\"><div class=\"row\"><div class=\"col-sm-6\"><div class=\"fsn-column-inner fsn-69e23cab9b6ec light\"><div class=\"fsn-text fsn-69e23cab9b742\">\n<h2>A NATURAL ENVIRONMENT FOR MEETINGS AND CONGRESSES<\/h2>\n<p><a class=\"btn\" href=\"https:\/\/hotelpremieresnations.ca\/gestion\/wp-content\/uploads\/2024\/05\/hmpn-brochurecorporative-EN-compressed.pdf\" target=\"_blank\" rel=\"noopener\">See our brochure (PDF)<\/a><\/p>\n<p>Discover the many space and service options offered by the H\u00f4tel-Mus\u00e9e Premi\u00e8res Nations in Wendake. From large events to more intimate gatherings, we have solutions tailored to your needs.<\/p>\n<p>Our ABC Room in Wendake can accommodate up to 250 people and can be divided into three distinct spaces, offering great flexibility for your specific needs. If you prefer a more intimate atmosphere, our recently renovated Akiawenrahk room offers a soothing view of the forest and can accommodate up to 10 people.<\/p>\n<p>The brand-new Yaronta&#8217; room, entirely glazed, is an exceptional venue overlooking the river and can accommodate up to 70 people. For smaller gatherings, our workshop lounges are ideal, accommodating up to 8 people.<\/p>\n<p>Looking for a unique venue for an exclusive event? We offer private rental of the museum, ideal for memorable cocktails in a refined, cultural setting.<\/p>\n<p>To help you organize your event, we also offer audiovisual equipment rental and in-house coffee breaks.<\/p>\n<p>Let yourself be seduced by the authentic charm and modernity of the H\u00f4tel-Mus\u00e9e Premi\u00e8res Nations, where tradition and comfort come together to offer you an unforgettable experience.<\/p>\n<\/div><\/div><\/div><div class=\"col-sm-6\"><div class=\"fsn-column-inner fsn-69e23cab9b766 light\"><div class=\"fsn-image fsn-69e23cab9ba8d align-none\"><img decoding=\"async\" data-src=\"https:\/\/hotelpremieresnations.ca\/gestion\/wp-content\/uploads\/2024\/05\/reunions-et-congres-2-1024x683.jpg\" width=\"640\" height=\"427\" alt=\"R\u00e9unions et congr\u00e8s\" class=\"img-responsive img-default lazyload\" src=\"data:image\/svg+xml;base64,PHN2ZyB3aWR0aD0iMSIgaGVpZ2h0PSIxIiB4bWxucz0iaHR0cDovL3d3dy53My5vcmcvMjAwMC9zdmciPjwvc3ZnPg==\" style=\"--smush-placeholder-width: 640px; --smush-placeholder-aspect-ratio: 640\/427;\"><\/div><\/div><\/div><\/div><\/div><\/div><div class=\"fsn-row full-width-row fsn-69e23cab9bac7 light\" style=\"background-repeat:repeat;background-position:left top;background-attachment:scroll;background-size:auto;\"><div class=\"container-fluid\"><div class=\"row\"><div class=\"col-sm-6\"><div class=\"fsn-column-inner fsn-69e23cab9bb02 hidden-xs light\"><div class=\"fsn-image fsn-69e23cab9bd7f align-none\"><img decoding=\"async\" data-src=\"https:\/\/hotelpremieresnations.ca\/gestion\/wp-content\/uploads\/2025\/02\/meetings-conferences.jpg\" width=\"640\" height=\"427\" alt=\"Meetings &amp; conferences 1\" class=\"img-responsive img-default lazyload\" src=\"data:image\/svg+xml;base64,PHN2ZyB3aWR0aD0iMSIgaGVpZ2h0PSIxIiB4bWxucz0iaHR0cDovL3d3dy53My5vcmcvMjAwMC9zdmciPjwvc3ZnPg==\" style=\"--smush-placeholder-width: 640px; --smush-placeholder-aspect-ratio: 640\/427;\"><\/div><\/div><\/div><div class=\"col-sm-6\"><div class=\"fsn-column-inner fsn-69e23cab9bdac light\"><div class=\"fsn-text fsn-69e23cab9bdd6\">\n<h2>Technology<\/h2>\n<p>By investing in cutting-edge technologies, we aim to offer you more fluid, interactive and productive business meetings than ever before:<\/p>\n<p>Advanced audio capture: Ceiling-mounted microphones provide excellent sound quality for all your participants, enabling them to hear what&#8217;s being said and what&#8217;s being discussed.<\/p>\n<p>Uniform audio coverage: Integrated ceiling speakers ensure even sound distribution throughout the room, guaranteeing an optimal audio experience for all participants.<\/p>\n<p>Videoconferencing made easy: You have the freedom to choose the videoconferencing application of your choice, and can start your meetings in no time, without hassle or complication.<\/p>\n<p>Simultaneous teleconferencing via Bluetooth: For added convenience, you have the option of making phone calls using your cell phone&#8217;s Bluetooth connection, enabling easy participation even from a distance.<\/p>\n<p>Integrated projection screens: Take advantage of large integrated projection screens for your visual presentations, guaranteeing optimum visibility for all participants.<\/p>\n<p>Additional audio options: To meet your specific needs, we offer a wall-mounted auxiliary audio jack and the option of connecting devices via Bluetooth, enabling you to broadcast your own music or other audio content.<\/p>\n<p>If you have any specific requirements, please let us know. Our team will be delighted to help you make your event a success.<\/p>\n<\/div><\/div><\/div><\/div><\/div><\/div><div class=\"fsn-row full-width-row fsn-69e23cab9bdfc light\" style=\"background-repeat:repeat;background-position:left top;background-attachment:scroll;background-size:auto;\"><div class=\"container-fluid\"><div class=\"row\"><div class=\"col-sm-12\"><div class=\"fsn-column-inner fsn-69e23cab9be5d light\"><div class=\"fsn-text fsn-69e23cab9be81\">\n<h2>Contact us<\/h2>\n<p>Contact us for a creative and tailor-made proposal:<\/p>\n<p style=\"font-weight: 400;\"><strong>Isabelle Therrien<\/strong><br \/>\n418.847.0624, extension 2015<br \/>\n<a href=\"mailto:itherrien@hmpn.ca\">itherrien@hmpn.ca<\/a><\/p>\n<h3><a title=\"FILL OUR SUBMISSION FORM\" href=\"https:\/\/hotelmuseepremieresnations.tripleseat.com\/booking_request\/36995\" target=\"_blank\" rel=\"noopener\">FILL OUR SUBMISSION FORM &gt;<\/a><\/h3>\n<\/div><\/div><\/div><\/div><\/div><\/div>\n","protected":false},"excerpt":{"rendered":"","protected":false},"author":1,"featured_media":768,"parent":0,"menu_order":0,"comment_status":"closed","ping_status":"closed","template":"template-100.php","meta":{"inline_featured_image":false,"footnotes":""},"class_list":["post-537","page","type-page","status-publish","has-post-thumbnail","hentry"],"acf":[],"aioseo_notices":[],"_links":{"self":[{"href":"https:\/\/hotelpremieresnations.ca\/en\/wp-json\/wp\/v2\/pages\/537","targetHints":{"allow":["GET"]}}],"collection":[{"href":"https:\/\/hotelpremieresnations.ca\/en\/wp-json\/wp\/v2\/pages"}],"about":[{"href":"https:\/\/hotelpremieresnations.ca\/en\/wp-json\/wp\/v2\/types\/page"}],"author":[{"embeddable":true,"href":"https:\/\/hotelpremieresnations.ca\/en\/wp-json\/wp\/v2\/users\/1"}],"replies":[{"embeddable":true,"href":"https:\/\/hotelpremieresnations.ca\/en\/wp-json\/wp\/v2\/comments?post=537"}],"version-history":[{"count":32,"href":"https:\/\/hotelpremieresnations.ca\/en\/wp-json\/wp\/v2\/pages\/537\/revisions"}],"predecessor-version":[{"id":3741,"href":"https:\/\/hotelpremieresnations.ca\/en\/wp-json\/wp\/v2\/pages\/537\/revisions\/3741"}],"wp:featuredmedia":[{"embeddable":true,"href":"https:\/\/hotelpremieresnations.ca\/en\/wp-json\/wp\/v2\/media\/768"}],"wp:attachment":[{"href":"https:\/\/hotelpremieresnations.ca\/en\/wp-json\/wp\/v2\/media?parent=537"}],"curies":[{"name":"wp","href":"https:\/\/api.w.org\/{rel}","templated":true}]}}