{"id":942,"date":"2018-10-19T14:15:57","date_gmt":"2018-10-19T14:15:57","guid":{"rendered":"https:\/\/www.hotelpremieresnations.ca\/?page_id=942"},"modified":"2026-04-13T19:26:04","modified_gmt":"2026-04-13T19:26:04","slug":"policies","status":"publish","type":"page","link":"https:\/\/hotelpremieresnations.ca\/en\/policies\/","title":{"rendered":"Policies"},"content":{"rendered":"<div  class=\"fsn-row full-width-container fsn-69f98d73dc5fc light\" style=\"background-repeat:repeat;background-position:left top;background-attachment:scroll;background-size:auto;\"><div class=\"row\"><div class=\"col-sm-12\"><div class=\"fsn-column-inner fsn-69f98d73dc69f light\"><div class=\"fsn-text fsn-69f98d73dc707\">\n<h4>Cancellation Policy<strong><br \/>\n<\/strong><\/h4>\n<p>Should you need to cancel your stay at the Hotel-Mus\u00e9e Premi\u00e8res Nations without any additional costs, you need to contact us 24 hours prior to your scheduled date of arrival. Any cancellations made after the requested time frame will automatically incur a fee equal to the price of one night\u2019s accommodation, along with applicable taxes.<\/p>\n<h4>No-Show Policy<strong><br \/>\n<\/strong><\/h4>\n<p>Should you not be able to travel to our hotel, your credit card will be charged one night\u2019s accommodation, along with applicable taxes<\/p>\n<h4>Guarantees<strong><br \/>\n<\/strong><\/h4>\n<p>A valid credit card number is required at the time of booking for security purposes. A credit card is also required at check-in, for a pre-authorization deposit which includes the total amount of the stay along with a security deposit of $200.00. If you do not have a credit card, full cash payment will be required on arrival in addition to the $200.00 deposit. We reserve the right to cancel any reservation made with an invalid credit card or a reservation without a credit card after 4 PM.<\/p>\n<h4>Check-In Time<strong><br \/>\n<\/strong><\/h4>\n<p>Rooms are always ready by 4 PM.<\/p>\n<h4>Check-Out Time<strong><br \/>\n<\/strong><\/h4>\n<p>Rooms must be vacated by 11 AM on the day of departure. For a late check-out, you need to ask the front desk upon arrival. Please note that additional fees may apply. Unauthorized late check outs will result in additional fees equal to the price of one night\u2019s accommodation, along with applicable taxes<\/p>\n<h4>Smoke-free environment<strong><br \/>\n<\/strong><\/h4>\n<p>We are proud to offer a smoke-free environment. The use of tobacco or cannabis is strictly prohibited in all of our rooms and indoor areas. Any violation of this policy will automatically result in a fee of $200.00.<\/p>\n<h4>Confidentiality<strong><br \/>\n<\/strong><\/h4>\n<p>The H\u00f4tel-Mus\u00e9e Premi\u00e8res Nations is an organization that values and enforces a strong ethic and confidentiality policy. Protecting our customers\u2019 privacy is very important to us, not only for their safety, but also for their well-being. Rest assured that any information you provide is absolutely confidential and will never be disclosed. We will never, under any circumstances, share your information to a third party.<\/p>\n<h4>Children and Minors<strong><br \/>\n<\/strong><\/h4>\n<p>Any children under 18 years of age are able to stay at the hotel free of charge, should they share a room with an adult.<\/p>\n<h4>Minimum Age<strong><br \/>\n<\/strong><\/h4>\n<p>The minimum and required age to check in at the H\u00f4tel-Mus\u00e9e Premi\u00e8res Nations is 18. All minors must be accompanied by an adult.<\/p>\n<h4>Pet Policy<strong><br \/>\n<\/strong><\/h4>\n<p>We invite you to consult our full policy on our <a href=\"https:\/\/hotelpremieresnations.ca\/en\/pet-friendly\/\"><strong>Pet friendly<\/strong><\/a> page.<\/p>\n<p>&nbsp;<\/p>\n<\/div><\/div><\/div><\/div><\/div>\n","protected":false},"excerpt":{"rendered":"","protected":false},"author":1,"featured_media":3346,"parent":0,"menu_order":0,"comment_status":"closed","ping_status":"closed","template":"","meta":{"inline_featured_image":false,"footnotes":""},"class_list":["post-942","page","type-page","status-publish","has-post-thumbnail","hentry"],"acf":[],"aioseo_notices":[],"_links":{"self":[{"href":"https:\/\/hotelpremieresnations.ca\/en\/wp-json\/wp\/v2\/pages\/942","targetHints":{"allow":["GET"]}}],"collection":[{"href":"https:\/\/hotelpremieresnations.ca\/en\/wp-json\/wp\/v2\/pages"}],"about":[{"href":"https:\/\/hotelpremieresnations.ca\/en\/wp-json\/wp\/v2\/types\/page"}],"author":[{"embeddable":true,"href":"https:\/\/hotelpremieresnations.ca\/en\/wp-json\/wp\/v2\/users\/1"}],"replies":[{"embeddable":true,"href":"https:\/\/hotelpremieresnations.ca\/en\/wp-json\/wp\/v2\/comments?post=942"}],"version-history":[{"count":10,"href":"https:\/\/hotelpremieresnations.ca\/en\/wp-json\/wp\/v2\/pages\/942\/revisions"}],"predecessor-version":[{"id":3946,"href":"https:\/\/hotelpremieresnations.ca\/en\/wp-json\/wp\/v2\/pages\/942\/revisions\/3946"}],"wp:featuredmedia":[{"embeddable":true,"href":"https:\/\/hotelpremieresnations.ca\/en\/wp-json\/wp\/v2\/media\/3346"}],"wp:attachment":[{"href":"https:\/\/hotelpremieresnations.ca\/en\/wp-json\/wp\/v2\/media?parent=942"}],"curies":[{"name":"wp","href":"https:\/\/api.w.org\/{rel}","templated":true}]}}